{"id":107,"date":"2011-12-26T18:13:26","date_gmt":"2011-12-26T09:13:26","guid":{"rendered":"http:\/\/jagoche.splet.arnes.si\/?page_id=107"},"modified":"2022-09-18T04:38:35","modified_gmt":"2022-09-18T02:38:35","slug":"books","status":"publish","type":"page","link":"https:\/\/jagoche.splet.arnes.si\/?page_id=107","title":{"rendered":"Books"},"content":{"rendered":"\n<figure class=\"wp-block-gallery aligncenter columns-4 is-cropped wp-block-gallery-1 is-layout-flex wp-block-gallery-is-layout-flex\"><ul class=\"blocks-gallery-grid\"><li class=\"blocks-gallery-item\"><figure><img loading=\"lazy\" decoding=\"async\" width=\"480\" height=\"716\" src=\"https:\/\/jagoche.splet.arnes.si\/files\/2022\/03\/Civic-Urbanisms.jpg\" alt=\"\" data-id=\"894\" data-full-url=\"https:\/\/jagoche.splet.arnes.si\/files\/2022\/03\/Civic-Urbanisms.jpg\" data-link=\"https:\/\/jagoche.splet.arnes.si\/?attachment_id=894\" class=\"wp-image-894\" srcset=\"https:\/\/jagoche.splet.arnes.si\/files\/2022\/03\/Civic-Urbanisms.jpg 480w, https:\/\/jagoche.splet.arnes.si\/files\/2022\/03\/Civic-Urbanisms-201x300.jpg 201w\" sizes=\"auto, (max-width: 480px) 100vw, 480px\" \/><\/figure><\/li><li class=\"blocks-gallery-item\"><figure><img loading=\"lazy\" decoding=\"async\" width=\"460\" height=\"640\" src=\"http:\/\/jagoche.splet.arnes.si\/files\/2020\/10\/urban-korea.jpg\" alt=\"\" data-id=\"627\" data-full-url=\"http:\/\/jagoche.splet.arnes.si\/files\/2020\/10\/urban-korea.jpg\" data-link=\"http:\/\/jagoche.splet.arnes.si\/?attachment_id=627\" class=\"wp-image-627\" srcset=\"https:\/\/jagoche.splet.arnes.si\/files\/2020\/10\/urban-korea.jpg 460w, https:\/\/jagoche.splet.arnes.si\/files\/2020\/10\/urban-korea-216x300.jpg 216w\" sizes=\"auto, (max-width: 460px) 100vw, 460px\" \/><\/figure><\/li><li class=\"blocks-gallery-item\"><figure><img loading=\"lazy\" decoding=\"async\" width=\"480\" height=\"640\" src=\"http:\/\/jagoche.splet.arnes.si\/files\/2016\/07\/community-based-urban.jpg\" alt=\"\" data-id=\"451\" data-full-url=\"http:\/\/jagoche.splet.arnes.si\/files\/2016\/07\/community-based-urban.jpg\" data-link=\"http:\/\/jagoche.splet.arnes.si\/?attachment_id=451\" class=\"wp-image-451\" srcset=\"https:\/\/jagoche.splet.arnes.si\/files\/2016\/07\/community-based-urban.jpg 480w, https:\/\/jagoche.splet.arnes.si\/files\/2016\/07\/community-based-urban-225x300.jpg 225w\" sizes=\"auto, (max-width: 480px) 100vw, 480px\" \/><\/figure><\/li><li class=\"blocks-gallery-item\"><figure><img loading=\"lazy\" decoding=\"async\" width=\"480\" height=\"640\" src=\"http:\/\/jagoche.splet.arnes.si\/files\/2010\/03\/lokalni-odzivi.jpg\" alt=\"\" data-id=\"458\" data-full-url=\"http:\/\/jagoche.splet.arnes.si\/files\/2010\/03\/lokalni-odzivi.jpg\" data-link=\"http:\/\/jagoche.splet.arnes.si\/?attachment_id=458\" class=\"wp-image-458\" srcset=\"https:\/\/jagoche.splet.arnes.si\/files\/2010\/03\/lokalni-odzivi.jpg 480w, https:\/\/jagoche.splet.arnes.si\/files\/2010\/03\/lokalni-odzivi-225x300.jpg 225w\" sizes=\"auto, (max-width: 480px) 100vw, 480px\" \/><\/figure><\/li><\/ul><\/figure>\n\n\n\n<p><b>Books<\/b><\/p>\n\n\n\n<p>Cho, Im Sik, Bla\u017e Kri\u017enik and Jeffrey Hou (2022). <a title=\"Emerging Civic Urbanisms in Asia: Hong Kong, Seoul, Singapore, and Taipei beyond Developmental Urbanization\" href=\"http:\/\/jagoche.splet.arnes.si\/?p=886\">Emerging Civic Urbanisms in Asia: Hong Kong, Seoul, Singapore, and Taipei beyond Developmental Urbanization<\/a>. Amsterdam: Amsterdam University Press.<\/p>\n\n\n\n<p>Cerar, Aidan, Urban Jeriha, Bla\u017e Kri\u017enik, Petra O\u010dkerl and Marko Peterlin (2017). Spatial policies, Challenges of local communities between Ljubljana and Seoul. Ljubljana: Institute for Spatial Policies.<\/p>\n\n\n\n<p>Cho, Im Sik and Bla\u017e Kri\u017enik (2017). <a title=\"Community-based Urban Development: Evolving Urban Paradigms in Singapore and Seoul\" href=\"http:\/\/jagoche.splet.arnes.si\/?p=448\">Community-based Urban Development: Evolving Urban Paradigms in Singapore and Seoul<\/a>. Singapore: Springer Nature.<\/p>\n\n\n\n<p>Kri\u017enik, Bla\u017e (2009). <a title=\"Local responses to global challenges: cultural context of urban change in Barcelona and Seoul\" href=\"http:\/\/jagoche.splet.arnes.si\/?p=51\">Local responses to global challenges: cultural context of urban change in Barcelona and Seoul<\/a>. Ljubljana: Zalo\u017eba FDV.<br><\/p>\n\n\n\n<p><b>Book chapters<\/b><\/p>\n\n\n\n<p>Kri\u017enik, Bla\u017e and Su Kim (2022). <a href=\"https:\/\/jagoche.splet.arnes.si\/?p=886\">Re-emerging Civic Urbanism: The Evolving State\u2013Civil Society Relations in Community Building in Seoul<\/a>. In: Im Sik Cho, Bla\u017e Kri\u017enik, Jeffrey Hou (eds). Emerging Civic Urbanisms in Asia: Hong Kong, Seoul, Singapore, and Taipei beyond Developmental Urbanization. Amsterdam: Amsterdam University Press.<\/p>\n\n\n\n<p>Im Sik Cho, Bla\u017e Kri\u017enik, Jeffrey Hou (2022). <a href=\"https:\/\/jagoche.splet.arnes.si\/?p=886\">Emerging Civic Urbanisms in Asia: An Introduction<\/a>. In: Im Sik Cho, Bla\u017e Kri\u017enik, Jeffrey Hou (eds). Emerging Civic Urbanisms in Asia: Hong Kong, Seoul, Singapore, and Taipei beyond Developmental Urbanization. Amsterdam: Amsterdam University Press.<\/p>\n\n\n\n<p>Kri\u017enik, Bla\u017e and Aidan Cerar (2021). <a href=\"https:\/\/jagoche.splet.arnes.si\/?p=902\">Beyond Construction Site, beyond informality?<\/a> In: Ur\u0161ka Jurman, Polonca Lov\u0161in (eds.). Beyond small gardens: Beyond Construction Site community garden. Ljubljana: KUD Obrat.<\/p>\n\n\n\n<p>Kri\u017enik, Bla\u017e and Su Kim (2021). <a title=\"From Commodities to Community Engagement: Localities and Urban Development in Seoul, Korea\" href=\"https:\/\/jagoche.splet.arnes.si\/?p=613\">From Commodities to Community Engagement: Localities and Urban Development in Seoul, Korea.<\/a> In: Se Hoon Park, Hyun Bang Shin, Hyun Soo Kang (eds.). Exporting Urban Korea? Reconsidering the Korean Urban Development Experience. London: Routledge.<\/p>\n\n\n\n<p>Kri\u017enik, Bla\u017e, Im Sik Cho and Su Kim (2019). <a title=\"Urban Change in East Asia: A Comparison of Civic Participation in the Residential Neighbourhood Improvement in South Korea and Singapore\" href=\"http:\/\/jagoche.splet.arnes.si\/?p=575\">Urban Change in East Asia: A Comparison of Civic Participation in the Residential Neighbourhood Improvement in South Korea and Singapore.<\/a> In: Andrej Beke\u0161, Jana S. Ro\u0161ker, Zlatko \u0160abi\u010d (eds.). Processes and Relations in East Asia. Ljubljana: University of Ljubljana Press.<\/p>\n\n\n\n<p>Kri\u017enik, Bla\u017e (2016). Between urban sociology and spatial planning: a cross-disciplinary and cross-cultural perspective. In: Zdravko Mlinar (eds.). Sociology in Slovenia, Problems, achievements and challenges. Ljubljana: Zalo\u017eba FDV.<\/p>\n\n\n\n<p>Kri\u017enik, Bla\u017e (2015). <a title=\"Lessons from Wangsimni: Traditional industrial clusters in Seoul as social and cultural assets\" href=\"http:\/\/jagoche.splet.arnes.si\/?p=418\">Lessons from Wangsimni: Traditional industrial clusters in Seoul as social and cultural assets<\/a>. In: Hyeri Park, Vitnarae Kang (eds.). Beyond Seun-Sangga: 16 Ideas to go beyond Big Plans. Seoul: Space Books.<\/p>\n\n\n\n<p>Kri\u017enik, Bla\u017e (2015). <a title=\"Social cohesion and community gardens: comparing Slovenia and South Korea\" href=\"http:\/\/jagoche.splet.arnes.si\/?p=408\">Social cohesion and community gardens: comparing Slovenia and South Korea<\/a>. In: Alban Mannisi (eds.). Model Transfer of Social Ecology into Asian Territory. Seoul: Zzac Book.<\/p>\n\n\n\n<p>Kri\u017enik, Bla\u017e (2014).&nbsp;In: Korea Crafts and Design Foundation (eds.).&nbsp;Public Design International Symposium: Social Imagination through Design. Seoul:&nbsp;Korea Crafts and Design Foundation.<\/p>\n\n\n\n<p>Kri\u017enik, Bla\u017e (2014). <a title=\"Transformation of Barcelona's eastern waterfront: From the city periphery to the central public space in the city\" href=\"http:\/\/jagoche.splet.arnes.si\/?p=329\">Transformation of Barcelona&#8217;s eastern waterfront: From the city periphery to the central public space in the city<\/a>. In: Uro\u0161 Lobnik, Peter \u0160enk (eds.). City:Edge. Maribor: Zalo\u017eba Pivec.<\/p>\n\n\n\n<p>Kri\u017enik, Bla\u017e (2012).&nbsp;<a title=\"Legitimizing the Architecture of Edvard Ravnikar and Kim Swoo Geun. Between Regionalism and National Narratives\" href=\"http:\/\/jagoche.splet.arnes.si\/?p=207\">Legitimizing the Architecture of Edvard Ravnikar and Kim Swoo Geun. Between Regionalism and National Narratives<\/a>. In: Stephanie Herold, Biljana Stefanovska (eds.).&nbsp;45+ Post-War Modern Architecture in Europe. Berlin:&nbsp;Forum Stadt- und Regionalplanung.<\/p>\n\n\n\n<p>Kri\u017enik, Bla\u017e (2011).&nbsp;Design in public, design with public: a brief reflection on public design in Korea. In: Korea Crafts and Design Foundation (eds.).&nbsp;Misunderstanding and Prejudice about Korea&#8217;s Public Design. Seoul:&nbsp;Korea Crafts and Design Foundation.<\/p>\n\n\n\n<p>Kri\u017enik, Bla\u017e (2010). <a title=\"Urban Regeneration in Global Seoul: New Approaches, Old Divides?\" href=\"http:\/\/jagoche.splet.arnes.si\/?p=56\">Urban regeneration in global Seoul: new approaches, old divides?<\/a>&nbsp;In:&nbsp;Koreanologie am Institut f\u00fcr Ostasienwissenschaften, Universit\u00e4t Wien (eds.). Viennese Contributions to Korean Studies II. Vienna: Praesens Verlag.<\/p>\n\n\n\n<p>Kri\u017enik, Bla\u017e (2009). <a title=\"Cheonggyecheon restoration : bridging old, building new divides in global Seoul\" href=\"http:\/\/jagoche.splet.arnes.si\/?p=47\">Cheonggyecheon restoration: bridging old, building new divides in global Seoul<\/a>. In: Urban Regeneration Network (eds.). Urban regeneration in New York, London and Seoul: Pixelhouse.<\/p>\n\n\n\n<p>Kri\u017enik, Bla\u017e (2008). <a title=\"Poljane reinvented: social cohesion and collective space\" href=\"http:\/\/jagoche.splet.arnes.si\/?p=27\">Poljane reinvented: social cohesion and collective space.<\/a>&nbsp;In: Ilka \u010cerpes, Bla\u017e Kri\u017enik, Luka Mladenovi\u010d, Marko Studen (eds.).&nbsp;Poljane: extended city centre. Ljubljana:&nbsp;Municipality of Ljubljana.<\/p>\n","protected":false},"excerpt":{"rendered":"<p>Books Cho, Im Sik, Bla\u017e Kri\u017enik and Jeffrey Hou (2022). Emerging Civic Urbanisms in Asia: Hong Kong, Seoul, Singapore, and Taipei beyond Developmental Urbanization. Amsterdam: Amsterdam University Press. Cerar, Aidan, Urban Jeriha, Bla\u017e Kri\u017enik, Petra O\u010dkerl and Marko Peterlin (2017). &hellip; <a href=\"https:\/\/jagoche.splet.arnes.si\/?page_id=107\">Continue reading <span class=\"meta-nav\">&rarr;<\/span><\/a><\/p>\n","protected":false},"author":250,"featured_media":0,"parent":0,"menu_order":0,"comment_status":"closed","ping_status":"open","template":"","meta":{"footnotes":""},"class_list":["post-107","page","type-page","status-publish","hentry"],"_links":{"self":[{"href":"https:\/\/jagoche.splet.arnes.si\/index.php?rest_route=\/wp\/v2\/pages\/107","targetHints":{"allow":["GET"]}}],"collection":[{"href":"https:\/\/jagoche.splet.arnes.si\/index.php?rest_route=\/wp\/v2\/pages"}],"about":[{"href":"https:\/\/jagoche.splet.arnes.si\/index.php?rest_route=\/wp\/v2\/types\/page"}],"author":[{"embeddable":true,"href":"https:\/\/jagoche.splet.arnes.si\/index.php?rest_route=\/wp\/v2\/users\/250"}],"replies":[{"embeddable":true,"href":"https:\/\/jagoche.splet.arnes.si\/index.php?rest_route=%2Fwp%2Fv2%2Fcomments&post=107"}],"version-history":[{"count":54,"href":"https:\/\/jagoche.splet.arnes.si\/index.php?rest_route=\/wp\/v2\/pages\/107\/revisions"}],"predecessor-version":[{"id":932,"href":"https:\/\/jagoche.splet.arnes.si\/index.php?rest_route=\/wp\/v2\/pages\/107\/revisions\/932"}],"wp:attachment":[{"href":"https:\/\/jagoche.splet.arnes.si\/index.php?rest_route=%2Fwp%2Fv2%2Fmedia&parent=107"}],"curies":[{"name":"wp","href":"https:\/\/api.w.org\/{rel}","templated":true}]}}