{"id":67,"date":"2011-12-25T17:18:04","date_gmt":"2011-12-25T08:18:04","guid":{"rendered":"http:\/\/jagoche.splet.arnes.si\/?page_id=67"},"modified":"2025-11-26T12:02:51","modified_gmt":"2025-11-26T11:02:51","slug":"articles","status":"publish","type":"page","link":"https:\/\/jagoche.splet.arnes.si\/?page_id=67","title":{"rendered":"Articles"},"content":{"rendered":"\n<p>Kri\u017enik, Bla\u017e and Kon Kim (2024). <a href=\"https:\/\/jagoche.splet.arnes.si\/?p=970\">Changing scope of gentrification in Seoul? Neighborhood transformation and displacement in Sangwangsimni and Changsin-Sungin industrial clusters<\/a>. The Developing Economies, 12420.<\/p>\n\n\n\n<p>Kim, Kon, Bla\u017e Kri\u017enik and Krystallia Kamvasinou (2021). <a title=\"Between the state and citizens: Changing governance of intermediary organisations for inclusive and sustainable urban regeneration in Seoul\" href=\"http:\/\/jagoche.splet.arnes.si\/?p=851\">Between the state and citizens: Changing governance of intermediary organisations for inclusive and sustainable urban regeneration in Seoul<\/a>. Land Use Policy, 105.<\/p>\n\n\n\n<p>Kri\u017enik, Bla\u017e (2021). <a title=\"Social mobilisation in localities and urban change in South Korea: The evolution of the Geumho-Haengdang-Hawangsimni community movement in Seoul\" href=\"http:\/\/jagoche.splet.arnes.si\/?p=675\">Social mobilisation in localities and urban change in South Korea: The evolution of the Geumho-Haengdang-Hawangsimni community movement in Seoul<\/a>. Asian Studies, 9(1).<\/p>\n\n\n\n<p>Cho, Im Sik and Bla\u017e Kri\u017enik (2020). <a title=\"Sharing Seoul: Appropriating Alleys as Communal Space through Localized Sharing Practices\" href=\"http:\/\/jagoche.splet.arnes.si\/?p=603\">Sharing Seoul: Appropriating Alleys as Communal Space through Localized Sharing Practices<\/a>. Built Environment, 46(1).<\/p>\n\n\n\n<p>Kri\u017enik, Bla\u017e, Im Sik Cho and Su Kim (2019).&nbsp;<a title=\"Deciding Together: Citizen Participation in Planning the Neighbourhood Improvement in Seoul and Singapore\" href=\"http:\/\/jagoche.splet.arnes.si\/?p=539\">Deciding Together: Citizen Participation in Planning the Neighbourhood Improvement in Seoul and Singapore<\/a>. Asia Review, 8(2).<\/p>\n\n\n\n<p>Kri\u017enik, Bla\u017e (2018).&nbsp;<a title=\"Streets as Spaces of Community Building: A Case Study of Urban Regeneration in Samdeok Maeul, Seoul\" href=\"http:\/\/jagoche.splet.arnes.si\/?p=523\">Streets as Spaces of Community Building: A Case Study of Urban Regeneration in Samdeok Maeul, Seoul<\/a>. Asian Studies, 6(2).<\/p>\n\n\n\n<p>Kri\u017enik, Bla\u017e (2018).&nbsp;<a title=\"Transformation of deprived urban areas and social sustainability: A comparative study of urban regeneration and urban redevelopment in Barcelona and Seoul\" href=\"http:\/\/jagoche.splet.arnes.si\/?p=509\">Transformation of deprived urban areas and social sustainability: A comparative study of urban regeneration and urban redevelopment in Barcelona and Seoul<\/a>. Urbani Izziv, 29 (1).<\/p>\n\n\n\n<p>Kri\u017enik, Bla\u017e and Ha-young Cho (2017).&nbsp;<a title=\"Comparing Transformation of Deprived Mixed-Use Areas in Seoul: Community Building in Traditional Industrial Clusters\" href=\"http:\/\/jagoche.splet.arnes.si\/?p=499\">Comparing Transformation of Deprived Mixed-Use Areas in Seoul: Community Building in Traditional Industrial Clusters<\/a>. In: Hendrik Tieben, Yan Geng, Francesco Rossini (eds.).&nbsp;The Entrepreneurial City. Hong Kong: International Forum on Urbanism and The Chinese University of Hong Kong.<\/p>\n\n\n\n<p>Kri\u017enik, Bla\u017e and Hayun Park (2016).&nbsp;<a title=\"Recovering streets as communal space in localities: Urban regeneration of Samdeok Town in Seoul\" href=\"http:\/\/jagoche.splet.arnes.si\/?p=466\">Recovering streets as communal space in localities: Urban regeneration of Samdeok Town in Seoul<\/a>. In: Heng Chye Kiang, Zhang Ye (eds.).&nbsp;Crossroads: Asian Streets in the Dynamics of Change. Singapore: School of Design and Environment, National University of Singapore.<\/p>\n\n\n\n<p>Kri\u017enik, Bla\u017e (2015).&nbsp;<a title=\"Local responses to market-driven urban development in global cities\" href=\"http:\/\/jagoche.splet.arnes.si\/?p=379\">Local responses to market-driven urban development in global cities<\/a>. Teorija in praksa, 51(special edition).<\/p>\n\n\n\n<p>Kri\u017enik, Bla\u017e (2014). <a title=\"Social role of urban parks in global cities: a case study of Cheonggyecheon Restoration, Seoul and Diagonal Mar Park, Barcelona\" href=\"http:\/\/jagoche.splet.arnes.si\/?p=354\">Social role of urban parks in global cities: a case study of Cheonggyecheon Restoration, Seoul and Diagonal Mar Park, Barcelona<\/a>. In: Heng Chye Kiang, Oscar Carracedo Garc\u00eda-Villalba, Zhang Ye (eds.). Asian Urban Places. Singapore: School of Design and Environment, National University of Singapore.<\/p>\n\n\n\n<p>Kri\u017enik, Bla\u017e (2013).&nbsp;<a title=\"Changing approaches to urban development in South Korea: From \u2018clean and attractive global cities\u2019 towards \u2018hopeful communities\u2019\" href=\"http:\/\/jagoche.splet.arnes.si\/?p=265\">Changing approaches to urban development in South Korea: From \u2018clean and attractive global cities\u2019 towards \u2018hopeful communities\u2019<\/a>. International Development Planning Review, 35(4).<\/p>\n\n\n\n<p>Ur\u0161i\u010d, Matja\u017e and Bla\u017e Kri\u017enik (2012).&nbsp;<a title=\"Comparing urban renewal in Barcelona and Seoul: urban management in conditions of competition among global cities\" href=\"http:\/\/jagoche.splet.arnes.si\/?p=192\">Comparing urban renewal in Barcelona and Seoul: urban management in conditions of competition among global cities<\/a>. Asia Europe Journal, 10(1).<\/p>\n\n\n\n<p>Kri\u017enik, Bla\u017e (2011). <a title=\" Industrial heritage in Barcelona: between vacant monuments and everyday life\" href=\"http:\/\/jagoche.splet.arnes.si\/?p=441\"> Industrial heritage in Barcelona: between vacant monuments and everyday life<\/a>. AB, 41(190\/191).<\/p>\n\n\n\n<p>Kri\u017enik, Bla\u017e (2011).&nbsp;Selling global Seoul: competitive urban policy and symbolic reconstruction of cities. ARA Journal of Tourism Research, 3(2).<\/p>\n\n\n\n<p>Kri\u017enik, Bla\u017e (2011).&nbsp;<a title=\"Selling global Seoul: competitive urban policy and symbolic reconstruction of cities\" href=\"http:\/\/jagoche.splet.arnes.si\/?p=101\">Selling global Seoul: competitive urban policy and symbolic reconstruction of cities<\/a>. Revija za sociologiju, 41(3).<\/p>\n\n\n\n<p>Kri\u017enik, Bla\u017e (2011). Without trust, illegitimate and excluded, Neoliberal urban policy and local initiatives. AB, 41(188\/189).<\/p>\n\n\n\n<p>Kri\u017enik, Bla\u017e (2009). <a title=\"Urban change and local culture: responses to urban renewal in Wangsimni\" href=\"http:\/\/jagoche.splet.arnes.si\/?p=35\">Urban change and local culture: responses to urban renewal in Wangsimni<\/a>. Journal of Seoul Studies, 37(3).<\/p>\n\n\n\n<p>Kri\u017enik, Bla\u017e (2008). <a href=\"http:\/\/www.dlib.si\/details\/URN:NBN:SI:DOC-5GTP9YG0?&amp;language=eng\" target=\"_blank\" rel=\"noopener noreferrer\">Inwang Mountain memory rock, Transformation of public space and politics of amnesia<\/a>. AB, 38(177\/178).<\/p>\n\n\n\n<p>Kri\u017enik, Bla\u017e (2007). <a title=\"Restoration of the Cheonggye Stream in Seoul: global cities and collective space\" href=\"http:\/\/jagoche.splet.arnes.si\/?p=14\" target=\"_blank\" rel=\"noopener noreferrer\">Restoration of the Cheonggye Stream in Seoul: global cities and collective space<\/a>. Dru\u017eboslovne razprave, 23(55).<\/p>\n","protected":false},"excerpt":{"rendered":"<p>Kri\u017enik, Bla\u017e and Kon Kim (2024). Changing scope of gentrification in Seoul? Neighborhood transformation and displacement in Sangwangsimni and Changsin-Sungin industrial clusters. The Developing Economies, 12420. Kim, Kon, Bla\u017e Kri\u017enik and Krystallia Kamvasinou (2021). Between the state and citizens: Changing &hellip; <a href=\"https:\/\/jagoche.splet.arnes.si\/?page_id=67\">Continue reading <span class=\"meta-nav\">&rarr;<\/span><\/a><\/p>\n","protected":false},"author":250,"featured_media":0,"parent":0,"menu_order":0,"comment_status":"closed","ping_status":"closed","template":"","meta":{"footnotes":""},"class_list":["post-67","page","type-page","status-publish","hentry"],"_links":{"self":[{"href":"https:\/\/jagoche.splet.arnes.si\/index.php?rest_route=\/wp\/v2\/pages\/67","targetHints":{"allow":["GET"]}}],"collection":[{"href":"https:\/\/jagoche.splet.arnes.si\/index.php?rest_route=\/wp\/v2\/pages"}],"about":[{"href":"https:\/\/jagoche.splet.arnes.si\/index.php?rest_route=\/wp\/v2\/types\/page"}],"author":[{"embeddable":true,"href":"https:\/\/jagoche.splet.arnes.si\/index.php?rest_route=\/wp\/v2\/users\/250"}],"replies":[{"embeddable":true,"href":"https:\/\/jagoche.splet.arnes.si\/index.php?rest_route=%2Fwp%2Fv2%2Fcomments&post=67"}],"version-history":[{"count":14,"href":"https:\/\/jagoche.splet.arnes.si\/index.php?rest_route=\/wp\/v2\/pages\/67\/revisions"}],"predecessor-version":[{"id":991,"href":"https:\/\/jagoche.splet.arnes.si\/index.php?rest_route=\/wp\/v2\/pages\/67\/revisions\/991"}],"wp:attachment":[{"href":"https:\/\/jagoche.splet.arnes.si\/index.php?rest_route=%2Fwp%2Fv2%2Fmedia&parent=67"}],"curies":[{"name":"wp","href":"https:\/\/api.w.org\/{rel}","templated":true}]}}